{"id":1291,"date":"2022-06-08T09:19:47","date_gmt":"2022-06-08T07:19:47","guid":{"rendered":"https:\/\/pcbigouden.fr\/?page_id=1291"},"modified":"2022-06-09T11:19:23","modified_gmt":"2022-06-09T09:19:23","slug":"liens","status":"publish","type":"page","link":"https:\/\/pcbigouden.fr\/?page_id=1291","title":{"rendered":"Liens"},"content":{"rendered":"<p><span style=\"background-color: #ffff99;\">\n\t\t\t\t\t<div class=\"linkview\" id=\"lvw-sc-id-1\">\n\t\t\t\t\t<div class=\"lvw-category\">\n\t\t\t\t\t\t<h2 class=\"lvw-cat-name\">- Associations<\/h2>\n\t\t\t\t\t<div id=\"lvw-id-1-1\">\n\t\t\t\t\t<ul class=\"lvw-link-list\">\n\t\t\t\t\t\t<li class=\"lvw-list-item\">\n\t\t\t<div class=\"lvw-link associations\"><div class=\"lvw-item-name\"><a class=\"lvw-anchor\" href=\"https:\/\/www.france-palestine.org\/\" target=\"_blank\" title=\"Association France Palestine Solidarit\u00e9\" rel=\"noopener \">Association France Palestine Solidarit\u00e9<\/a><\/div><\/div><\/li>\n\t\t\t\t\t<\/ul>\n\t\t\t\t\t<\/div>\n\t\t\t\t\t<\/div>\n\t\t\t\t\t<div class=\"lvw-category\">\n\t\t\t\t\t\t<h2 class=\"lvw-cat-name\">- Blogs<\/h2>\n\t\t\t\t\t<div id=\"lvw-id-1-2\">\n\t\t\t\t\t<ul class=\"lvw-link-list\">\n\t\t\t\t\t\t<li class=\"lvw-list-item\">\n\t\t\t<div class=\"lvw-link blogs\"><div class=\"lvw-item-name\"><a class=\"lvw-anchor\" href=\"https:\/\/gabrielperi.fr\/\" target=\"_blank\" title=\"Fondation Gabriel P\u00e9ri\" rel=\"noopener \">Fondation Gabriel P\u00e9ri<\/a><\/div><\/div><\/li>\n\t\t\t\t\t<\/ul>\n\t\t\t\t\t<\/div>\n\t\t\t\t\t<\/div>\n\t\t\t\t\t<div class=\"lvw-category\">\n\t\t\t\t\t\t<h2 class=\"lvw-cat-name\">- Parti Communiste<\/h2>\n\t\t\t\t\t<div id=\"lvw-id-1-3\">\n\t\t\t\t\t<ul class=\"lvw-link-list\">\n\t\t\t\t\t\t<li class=\"lvw-list-item\">\n\t\t\t<div class=\"lvw-link parti-communiste\"><div class=\"lvw-item-name\"><a class=\"lvw-anchor\" href=\"http:\/\/sante.pcf.fr\/\" target=\"_blank\" title=\"Commission Sant\u00e9 du PCF\" rel=\"noopener \">Commission Sant\u00e9 du PCF<\/a><\/div><\/div><\/li>\n\t\t\t\t\t<\/ul>\n\t\t\t\t\t<\/div>\n\t\t\t\t\t<\/div>\n\t\t\t\t\t<div class=\"lvw-category\">\n\t\t\t\t\t\t<h2 class=\"lvw-cat-name\">- Presse - Revues<\/h2>\n\t\t\t\t\t<div id=\"lvw-id-1-4\">\n\t\t\t\t\t<ul class=\"lvw-link-list\">\n\t\t\t\t\t\t<li class=\"lvw-list-item\">\n\t\t\t<div class=\"lvw-link presse-et-revues\"><div class=\"lvw-item-name\"><a class=\"lvw-anchor\" href=\"https:\/\/carnetsrouges.fr\/\" target=\"_blank\" title=\"Carnets rouges - \u00e9cole, \u00e9ducation (\u00e9cole, \u00e9ducation)\" rel=\"noopener \">Carnets rouges - \u00e9cole, \u00e9ducation<\/a><\/div><\/div><\/li>\n\t\t\t\t\t<\/ul>\n\t\t\t\t\t<\/div>\n\t\t\t\t\t<\/div>\n\t\t\t\t<\/div><\/span><\/p>\n","protected":false},"excerpt":{"rendered":"","protected":false},"author":6,"featured_media":0,"parent":0,"menu_order":0,"comment_status":"closed","ping_status":"closed","template":"","meta":{"footnotes":""},"class_list":["post-1291","page","type-page","status-publish","hentry"],"yoast_head":"<!-- This site is optimized with the Yoast SEO plugin v27.5 - https:\/\/yoast.com\/product\/yoast-seo-wordpress\/ -->\n<title>Liens - PCF Pays Bigouden<\/title>\n<meta name=\"robots\" content=\"index, follow, max-snippet:-1, max-image-preview:large, max-video-preview:-1\" \/>\n<link rel=\"canonical\" href=\"https:\/\/pcbigouden.fr\/?page_id=1291\" \/>\n<meta property=\"og:locale\" content=\"fr_FR\" \/>\n<meta property=\"og:type\" content=\"article\" \/>\n<meta property=\"og:title\" content=\"Liens - PCF Pays Bigouden\" \/>\n<meta property=\"og:url\" content=\"https:\/\/pcbigouden.fr\/?page_id=1291\" \/>\n<meta property=\"og:site_name\" content=\"PCF Pays Bigouden\" \/>\n<meta property=\"article:modified_time\" content=\"2022-06-09T09:19:23+00:00\" \/>\n<meta name=\"twitter:card\" content=\"summary_large_image\" \/>\n<meta name=\"twitter:label1\" content=\"Dur\u00e9e de lecture estim\u00e9e\" \/>\n\t<meta name=\"twitter:data1\" content=\"1 minute\" \/>\n<script type=\"application\/ld+json\" class=\"yoast-schema-graph\">{\"@context\":\"https:\\\/\\\/schema.org\",\"@graph\":[{\"@type\":\"WebPage\",\"@id\":\"https:\\\/\\\/pcbigouden.fr\\\/?page_id=1291\",\"url\":\"https:\\\/\\\/pcbigouden.fr\\\/?page_id=1291\",\"name\":\"Liens - PCF Pays Bigouden\",\"isPartOf\":{\"@id\":\"https:\\\/\\\/pcbigouden.fr\\\/#website\"},\"datePublished\":\"2022-06-08T07:19:47+00:00\",\"dateModified\":\"2022-06-09T09:19:23+00:00\",\"breadcrumb\":{\"@id\":\"https:\\\/\\\/pcbigouden.fr\\\/?page_id=1291#breadcrumb\"},\"inLanguage\":\"fr-FR\",\"potentialAction\":[{\"@type\":\"ReadAction\",\"target\":[\"https:\\\/\\\/pcbigouden.fr\\\/?page_id=1291\"]}]},{\"@type\":\"BreadcrumbList\",\"@id\":\"https:\\\/\\\/pcbigouden.fr\\\/?page_id=1291#breadcrumb\",\"itemListElement\":[{\"@type\":\"ListItem\",\"position\":1,\"name\":\"Accueil\",\"item\":\"https:\\\/\\\/pcbigouden.fr\\\/\"},{\"@type\":\"ListItem\",\"position\":2,\"name\":\"Liens\"}]},{\"@type\":\"WebSite\",\"@id\":\"https:\\\/\\\/pcbigouden.fr\\\/#website\",\"url\":\"https:\\\/\\\/pcbigouden.fr\\\/\",\"name\":\"PCF Pays Bigouden\",\"description\":\"Blog des communistes du Pays Bigouden\",\"publisher\":{\"@id\":\"https:\\\/\\\/pcbigouden.fr\\\/#organization\"},\"potentialAction\":[{\"@type\":\"SearchAction\",\"target\":{\"@type\":\"EntryPoint\",\"urlTemplate\":\"https:\\\/\\\/pcbigouden.fr\\\/?s={search_term_string}\"},\"query-input\":{\"@type\":\"PropertyValueSpecification\",\"valueRequired\":true,\"valueName\":\"search_term_string\"}}],\"inLanguage\":\"fr-FR\"},{\"@type\":\"Organization\",\"@id\":\"https:\\\/\\\/pcbigouden.fr\\\/#organization\",\"name\":\"Parti Communiste PCF Pays Bigouden\",\"url\":\"https:\\\/\\\/pcbigouden.fr\\\/\",\"logo\":{\"@type\":\"ImageObject\",\"inLanguage\":\"fr-FR\",\"@id\":\"https:\\\/\\\/pcbigouden.fr\\\/#\\\/schema\\\/logo\\\/image\\\/\",\"url\":\"https:\\\/\\\/pcbigouden.fr\\\/wp-content\\\/uploads\\\/2021\\\/10\\\/logoTB307x290.jpg\",\"contentUrl\":\"https:\\\/\\\/pcbigouden.fr\\\/wp-content\\\/uploads\\\/2021\\\/10\\\/logoTB307x290.jpg\",\"width\":307,\"height\":290,\"caption\":\"Parti Communiste PCF Pays Bigouden\"},\"image\":{\"@id\":\"https:\\\/\\\/pcbigouden.fr\\\/#\\\/schema\\\/logo\\\/image\\\/\"}}]}<\/script>\n<!-- \/ Yoast SEO plugin. -->","yoast_head_json":{"title":"Liens - PCF Pays Bigouden","robots":{"index":"index","follow":"follow","max-snippet":"max-snippet:-1","max-image-preview":"max-image-preview:large","max-video-preview":"max-video-preview:-1"},"canonical":"https:\/\/pcbigouden.fr\/?page_id=1291","og_locale":"fr_FR","og_type":"article","og_title":"Liens - PCF Pays Bigouden","og_url":"https:\/\/pcbigouden.fr\/?page_id=1291","og_site_name":"PCF Pays Bigouden","article_modified_time":"2022-06-09T09:19:23+00:00","twitter_card":"summary_large_image","twitter_misc":{"Dur\u00e9e de lecture estim\u00e9e":"1 minute"},"schema":{"@context":"https:\/\/schema.org","@graph":[{"@type":"WebPage","@id":"https:\/\/pcbigouden.fr\/?page_id=1291","url":"https:\/\/pcbigouden.fr\/?page_id=1291","name":"Liens - PCF Pays Bigouden","isPartOf":{"@id":"https:\/\/pcbigouden.fr\/#website"},"datePublished":"2022-06-08T07:19:47+00:00","dateModified":"2022-06-09T09:19:23+00:00","breadcrumb":{"@id":"https:\/\/pcbigouden.fr\/?page_id=1291#breadcrumb"},"inLanguage":"fr-FR","potentialAction":[{"@type":"ReadAction","target":["https:\/\/pcbigouden.fr\/?page_id=1291"]}]},{"@type":"BreadcrumbList","@id":"https:\/\/pcbigouden.fr\/?page_id=1291#breadcrumb","itemListElement":[{"@type":"ListItem","position":1,"name":"Accueil","item":"https:\/\/pcbigouden.fr\/"},{"@type":"ListItem","position":2,"name":"Liens"}]},{"@type":"WebSite","@id":"https:\/\/pcbigouden.fr\/#website","url":"https:\/\/pcbigouden.fr\/","name":"PCF Pays Bigouden","description":"Blog des communistes du Pays Bigouden","publisher":{"@id":"https:\/\/pcbigouden.fr\/#organization"},"potentialAction":[{"@type":"SearchAction","target":{"@type":"EntryPoint","urlTemplate":"https:\/\/pcbigouden.fr\/?s={search_term_string}"},"query-input":{"@type":"PropertyValueSpecification","valueRequired":true,"valueName":"search_term_string"}}],"inLanguage":"fr-FR"},{"@type":"Organization","@id":"https:\/\/pcbigouden.fr\/#organization","name":"Parti Communiste PCF Pays Bigouden","url":"https:\/\/pcbigouden.fr\/","logo":{"@type":"ImageObject","inLanguage":"fr-FR","@id":"https:\/\/pcbigouden.fr\/#\/schema\/logo\/image\/","url":"https:\/\/pcbigouden.fr\/wp-content\/uploads\/2021\/10\/logoTB307x290.jpg","contentUrl":"https:\/\/pcbigouden.fr\/wp-content\/uploads\/2021\/10\/logoTB307x290.jpg","width":307,"height":290,"caption":"Parti Communiste PCF Pays Bigouden"},"image":{"@id":"https:\/\/pcbigouden.fr\/#\/schema\/logo\/image\/"}}]}},"jetpack_sharing_enabled":true,"jetpack_likes_enabled":true,"_links":{"self":[{"href":"https:\/\/pcbigouden.fr\/index.php?rest_route=\/wp\/v2\/pages\/1291","targetHints":{"allow":["GET"]}}],"collection":[{"href":"https:\/\/pcbigouden.fr\/index.php?rest_route=\/wp\/v2\/pages"}],"about":[{"href":"https:\/\/pcbigouden.fr\/index.php?rest_route=\/wp\/v2\/types\/page"}],"author":[{"embeddable":true,"href":"https:\/\/pcbigouden.fr\/index.php?rest_route=\/wp\/v2\/users\/6"}],"replies":[{"embeddable":true,"href":"https:\/\/pcbigouden.fr\/index.php?rest_route=%2Fwp%2Fv2%2Fcomments&post=1291"}],"version-history":[{"count":0,"href":"https:\/\/pcbigouden.fr\/index.php?rest_route=\/wp\/v2\/pages\/1291\/revisions"}],"wp:attachment":[{"href":"https:\/\/pcbigouden.fr\/index.php?rest_route=%2Fwp%2Fv2%2Fmedia&parent=1291"}],"curies":[{"name":"wp","href":"https:\/\/api.w.org\/{rel}","templated":true}]}}